{"id":2340,"date":"2025-04-14T06:18:28","date_gmt":"2025-04-14T06:18:28","guid":{"rendered":"https:\/\/web-dizajn.biz\/rodenizacitanje2\/?page_id=2340"},"modified":"2025-09-14T20:41:35","modified_gmt":"2025-09-14T18:41:35","slug":"kolacici","status":"publish","type":"page","link":"https:\/\/web-dizajn.biz\/rodenizacitanje2\/kolacici\/","title":{"rendered":"Kola\u010di\u0107i"},"content":{"rendered":"\t\t<div data-elementor-type=\"wp-page\" data-elementor-id=\"2340\" class=\"elementor elementor-2340\" data-elementor-post-type=\"page\">\n\t\t\t\t<div class=\"elementor-element elementor-element-882e1df e-flex e-con-boxed e-con e-parent\" data-id=\"882e1df\" data-element_type=\"container\">\n\t\t\t\t\t<div class=\"e-con-inner\">\n\t\t\t\t<div class=\"elementor-element elementor-element-4b94367 elementor-widget elementor-widget-text-editor\" data-id=\"4b94367\" data-element_type=\"widget\" data-widget_type=\"text-editor.default\">\n\t\t\t\t<div class=\"elementor-widget-container\">\n\t\t\t\t\t\t\t\t\t<h4 data-start=\"388\" data-end=\"408\"><strong>Politika kola\u010di\u0107a<\/strong><\/h4><p data-start=\"388\" data-end=\"408\">Ove mre\u017ene stranice koriste kola\u010di\u0107e u svrhu pobolj\u0161anja korisni\u010dkog iskustva, omogu\u0107avanja osnovne funkcije i te prikupljanja anonimnih statisti\u010dkih podataka. Kola\u010di\u0107i su male tekstualne datoteke koje mre\u017ene stranice pohranjuje na va\u0161em ure\u0111aju. Omogu\u0107uju prepoznavanje korisnika, spremanje postavki, analizu kori\u0161tenja i prikazivanje sadr\u017eaja tre\u0107ih strana.<\/p><h4 data-start=\"774\" data-end=\"808\">\u00a0<\/h4><h4 data-start=\"774\" data-end=\"808\"><strong>Vrste kola\u010di\u0107a koje koristimo<\/strong><\/h4><p data-start=\"810\" data-end=\"836\">1. <strong data-start=\"818\" data-end=\"836\">Nu\u017eni kola\u010di\u0107i.<\/strong>\u00a0Omogu\u0107uju osnovno funkcioniranje stranice (npr. sigurnost, navigacija, pristup obrascima). Ovi kola\u010di\u0107i ne prikupljaju osobne podatke.<\/p><p data-start=\"973\" data-end=\"1004\">2. <strong data-start=\"981\" data-end=\"1004\">Analiti\u010dki kola\u010di\u0107i. <\/strong>Koristimo <strong><em>Google Analytics<\/em><\/strong> za anonimno pra\u0107enje statistike posje\u0107enosti i pona\u0161anja korisnika, u svrhu pobolj\u0161anja sadr\u017eaja i korisni\u010dkog iskustva.<\/p><p data-start=\"1154\" data-end=\"1188\">3. <strong data-start=\"1162\" data-end=\"1188\">Kola\u010di\u0107i tre\u0107ih strana.<\/strong> Na stranici se prikazuju sadr\u017eaji iz vanjskih izvora koji mogu postaviti vlastite kola\u010di\u0107e:\u00a0<em><strong data-start=\"1283\" data-end=\"1294\">YouTube<\/strong><\/em> (ugra\u0111eni videozapisi), <em><strong data-start=\"1320\" data-end=\"1335\">Google Maps<\/strong><\/em> (interaktivne karte), <strong data-start=\"1359\" data-end=\"1383\"><em>Facebook<\/em><\/strong><em> i<\/em> <strong data-start=\"1359\" data-end=\"1383\"><em>Instagram<\/em><\/strong> (poveznice i gumbi za dijeljenje).\u00a0<span style=\"font-family: var( --e-global-typography-text-font-family ), Sans-serif; font-size: var( --e-global-typography-text-font-size ); text-align: var(--text-align);\">Prikaz tih sadr\u017eaja mo\u017ee uzrokovati postavljanje kola\u010di\u0107a u marketin\u0161ke i analiti\u010dke svrhe, \u010dak i ako nemate ra\u010dun kod tih usluga.<\/span><\/p><h4 data-start=\"1551\" data-end=\"1577\">\u00a0<\/h4><h4 data-start=\"1551\" data-end=\"1577\"><strong>Upravljanje kola\u010di\u0107ima<\/strong><\/h4><p data-start=\"1579\" data-end=\"1739\">Kola\u010di\u0107e mo\u017eete sami kontrolirati i\/ili obrisati. Ve\u0107ina preglednika omogu\u0107uje blokiranje kola\u010di\u0107a ili obavijest prije spremanja. Vi\u0161e informacija potra\u017eite na:\u00a0<em style=\"font-family: var( --e-global-typography-text-font-family ), Sans-serif; font-size: var( --e-global-typography-text-font-size ); text-align: var(--text-align);\"><strong><a class=\"cursor-pointer\" target=\"_new\" rel=\"noopener\" data-start=\"1743\" data-end=\"1812\">Google Chrome, <\/a><\/strong><strong><a class=\"\" href=\"https:\/\/support.mozilla.org\/hr\/kb\/omogucavanje-i-onemogucavanje-kolacica\" target=\"_new\" rel=\"noopener\" data-start=\"1815\" data-end=\"1906\">Mozilla Firefox, <\/a><\/strong><strong><a class=\"\" href=\"https:\/\/support.apple.com\/hr-hr\/guide\/safari\/sfri11471\/mac\" target=\"_new\" rel=\"noopener\" data-start=\"1909\" data-end=\"1977\">Safari, <\/a><\/strong><strong><a class=\"\" href=\"https:\/\/support.microsoft.com\/hr-hr\/microsoft-edge\/br%C5%A1ite-kola%C4%8Di%C4%87e-u-programu-microsoft-edge-63947406-40ac-c3b8-57b9-2a946a29ae09\" target=\"_new\" rel=\"noopener\" data-start=\"1980\" data-end=\"2142\">Microsoft Edge<\/a>. <\/strong><\/em>Za vi\u0161e informacija o privatnosti i obradi podataka, pogledajte na\u0161u <a class=\"\" href=\"https:\/\/web-dizajn.biz\/rodenizacitanje2\/uvjeti-i-pravila-koristenja\/\" rel=\"noopener\" data-start=\"2213\" data-end=\"2238\">Politiku privatnosti<\/a>.<\/p>\t\t\t\t\t\t\t\t<\/div>\n\t\t\t\t<\/div>\n\t\t\t\t\t<\/div>\n\t\t\t\t<\/div>\n\t\t\t\t<\/div>\n\t\t","protected":false},"excerpt":{"rendered":"<p>Politika kola\u010di\u0107a Ove mre\u017ene stranice koriste kola\u010di\u0107e u svrhu pobolj\u0161anja korisni\u010dkog iskustva, omogu\u0107avanja osnovne funkcije i te prikupljanja anonimnih statisti\u010dkih podataka. Kola\u010di\u0107i su male tekstualne datoteke koje mre\u017ene stranice pohranjuje na va\u0161em ure\u0111aju. Omogu\u0107uju prepoznavanje korisnika, spremanje postavki, analizu kori\u0161tenja i prikazivanje sadr\u017eaja tre\u0107ih strana. \u00a0 Vrste kola\u010di\u0107a koje koristimo 1. Nu\u017eni kola\u010di\u0107i.\u00a0Omogu\u0107uju osnovno funkcioniranje [&hellip;]<\/p>\n","protected":false},"author":1,"featured_media":0,"parent":0,"menu_order":0,"comment_status":"closed","ping_status":"closed","template":"","meta":{"_acf_changed":false,"_eb_attr":"","footnotes":""},"class_list":["post-2340","page","type-page","status-publish","hentry"],"acf":[],"yoast_head":"<!-- This site is optimized with the Yoast SEO plugin v26.1.1 - https:\/\/yoast.com\/wordpress\/plugins\/seo\/ -->\n<title>Kola\u010di\u0107i - Ro\u0111eni za \u010ditanje<\/title>\n<meta name=\"robots\" content=\"index, follow, max-snippet:-1, max-image-preview:large, max-video-preview:-1\" \/>\n<link rel=\"canonical\" href=\"https:\/\/web-dizajn.biz\/rodenizacitanje2\/kolacici\/\" \/>\n<meta property=\"og:locale\" content=\"hr_HR\" \/>\n<meta property=\"og:type\" content=\"article\" \/>\n<meta property=\"og:title\" content=\"Kola\u010di\u0107i - Ro\u0111eni za \u010ditanje\" \/>\n<meta property=\"og:description\" content=\"Politika kola\u010di\u0107a Ove mre\u017ene stranice koriste kola\u010di\u0107e u svrhu pobolj\u0161anja korisni\u010dkog iskustva, omogu\u0107avanja osnovne funkcije i te prikupljanja anonimnih statisti\u010dkih podataka. Kola\u010di\u0107i su male tekstualne datoteke koje mre\u017ene stranice pohranjuje na va\u0161em ure\u0111aju. Omogu\u0107uju prepoznavanje korisnika, spremanje postavki, analizu kori\u0161tenja i prikazivanje sadr\u017eaja tre\u0107ih strana. \u00a0 Vrste kola\u010di\u0107a koje koristimo 1. Nu\u017eni kola\u010di\u0107i.\u00a0Omogu\u0107uju osnovno funkcioniranje [&hellip;]\" \/>\n<meta property=\"og:url\" content=\"https:\/\/web-dizajn.biz\/rodenizacitanje2\/kolacici\/\" \/>\n<meta property=\"og:site_name\" content=\"Ro\u0111eni za \u010ditanje\" \/>\n<meta property=\"article:publisher\" content=\"https:\/\/www.facebook.com\/rodenizacitanje\/\" \/>\n<meta property=\"article:modified_time\" content=\"2025-09-14T18:41:35+00:00\" \/>\n<meta name=\"twitter:card\" content=\"summary_large_image\" \/>\n<meta name=\"twitter:label1\" content=\"Procijenjeno vrijeme \u010ditanja\" \/>\n\t<meta name=\"twitter:data1\" content=\"1 minuta\" \/>\n<script type=\"application\/ld+json\" class=\"yoast-schema-graph\">{\"@context\":\"https:\/\/schema.org\",\"@graph\":[{\"@type\":\"WebPage\",\"@id\":\"https:\/\/web-dizajn.biz\/rodenizacitanje2\/kolacici\/\",\"url\":\"https:\/\/web-dizajn.biz\/rodenizacitanje2\/kolacici\/\",\"name\":\"Kola\u010di\u0107i - Ro\u0111eni za \u010ditanje\",\"isPartOf\":{\"@id\":\"https:\/\/web-dizajn.biz\/rodenizacitanje2\/#website\"},\"datePublished\":\"2025-04-14T06:18:28+00:00\",\"dateModified\":\"2025-09-14T18:41:35+00:00\",\"breadcrumb\":{\"@id\":\"https:\/\/web-dizajn.biz\/rodenizacitanje2\/kolacici\/#breadcrumb\"},\"inLanguage\":\"hr\",\"potentialAction\":[{\"@type\":\"ReadAction\",\"target\":[\"https:\/\/web-dizajn.biz\/rodenizacitanje2\/kolacici\/\"]}]},{\"@type\":\"BreadcrumbList\",\"@id\":\"https:\/\/web-dizajn.biz\/rodenizacitanje2\/kolacici\/#breadcrumb\",\"itemListElement\":[{\"@type\":\"ListItem\",\"position\":1,\"name\":\"Po\u010detna stranica\",\"item\":\"https:\/\/web-dizajn.biz\/rodenizacitanje2\/\"},{\"@type\":\"ListItem\",\"position\":2,\"name\":\"Kola\u010di\u0107i\"}]},{\"@type\":\"WebSite\",\"@id\":\"https:\/\/web-dizajn.biz\/rodenizacitanje2\/#website\",\"url\":\"https:\/\/web-dizajn.biz\/rodenizacitanje2\/\",\"name\":\"Ro\u0111eni za \u010ditanje\",\"description\":\"Svako dijete zaslu\u017euje svoju pri\u010du.\",\"publisher\":{\"@id\":\"https:\/\/web-dizajn.biz\/rodenizacitanje2\/#organization\"},\"potentialAction\":[{\"@type\":\"SearchAction\",\"target\":{\"@type\":\"EntryPoint\",\"urlTemplate\":\"https:\/\/web-dizajn.biz\/rodenizacitanje2\/?s={search_term_string}\"},\"query-input\":{\"@type\":\"PropertyValueSpecification\",\"valueRequired\":true,\"valueName\":\"search_term_string\"}}],\"inLanguage\":\"hr\"},{\"@type\":\"Organization\",\"@id\":\"https:\/\/web-dizajn.biz\/rodenizacitanje2\/#organization\",\"name\":\"Ro\u0111eni za \u010ditanje\",\"url\":\"https:\/\/web-dizajn.biz\/rodenizacitanje2\/\",\"logo\":{\"@type\":\"ImageObject\",\"inLanguage\":\"hr\",\"@id\":\"https:\/\/web-dizajn.biz\/rodenizacitanje2\/#\/schema\/logo\/image\/\",\"url\":\"https:\/\/web-dizajn.biz\/rodenizacitanje2\/wp-content\/uploads\/2025\/04\/asset-logo-glavni.svg\",\"contentUrl\":\"https:\/\/web-dizajn.biz\/rodenizacitanje2\/wp-content\/uploads\/2025\/04\/asset-logo-glavni.svg\",\"width\":282,\"height\":94,\"caption\":\"Ro\u0111eni za \u010ditanje\"},\"image\":{\"@id\":\"https:\/\/web-dizajn.biz\/rodenizacitanje2\/#\/schema\/logo\/image\/\"},\"sameAs\":[\"https:\/\/www.facebook.com\/rodenizacitanje\/\",\"https:\/\/www.instagram.com\/rodjeni.za.citanje\/\",\"https:\/\/www.youtube.com\/channel\/UCoK31WeJYefUvPkSVF4RBAw\"]}]}<\/script>\n<!-- \/ Yoast SEO plugin. -->","yoast_head_json":{"title":"Kola\u010di\u0107i - Ro\u0111eni za \u010ditanje","robots":{"index":"index","follow":"follow","max-snippet":"max-snippet:-1","max-image-preview":"max-image-preview:large","max-video-preview":"max-video-preview:-1"},"canonical":"https:\/\/web-dizajn.biz\/rodenizacitanje2\/kolacici\/","og_locale":"hr_HR","og_type":"article","og_title":"Kola\u010di\u0107i - Ro\u0111eni za \u010ditanje","og_description":"Politika kola\u010di\u0107a Ove mre\u017ene stranice koriste kola\u010di\u0107e u svrhu pobolj\u0161anja korisni\u010dkog iskustva, omogu\u0107avanja osnovne funkcije i te prikupljanja anonimnih statisti\u010dkih podataka. Kola\u010di\u0107i su male tekstualne datoteke koje mre\u017ene stranice pohranjuje na va\u0161em ure\u0111aju. Omogu\u0107uju prepoznavanje korisnika, spremanje postavki, analizu kori\u0161tenja i prikazivanje sadr\u017eaja tre\u0107ih strana. \u00a0 Vrste kola\u010di\u0107a koje koristimo 1. Nu\u017eni kola\u010di\u0107i.\u00a0Omogu\u0107uju osnovno funkcioniranje [&hellip;]","og_url":"https:\/\/web-dizajn.biz\/rodenizacitanje2\/kolacici\/","og_site_name":"Ro\u0111eni za \u010ditanje","article_publisher":"https:\/\/www.facebook.com\/rodenizacitanje\/","article_modified_time":"2025-09-14T18:41:35+00:00","twitter_card":"summary_large_image","twitter_misc":{"Procijenjeno vrijeme \u010ditanja":"1 minuta"},"schema":{"@context":"https:\/\/schema.org","@graph":[{"@type":"WebPage","@id":"https:\/\/web-dizajn.biz\/rodenizacitanje2\/kolacici\/","url":"https:\/\/web-dizajn.biz\/rodenizacitanje2\/kolacici\/","name":"Kola\u010di\u0107i - Ro\u0111eni za \u010ditanje","isPartOf":{"@id":"https:\/\/web-dizajn.biz\/rodenizacitanje2\/#website"},"datePublished":"2025-04-14T06:18:28+00:00","dateModified":"2025-09-14T18:41:35+00:00","breadcrumb":{"@id":"https:\/\/web-dizajn.biz\/rodenizacitanje2\/kolacici\/#breadcrumb"},"inLanguage":"hr","potentialAction":[{"@type":"ReadAction","target":["https:\/\/web-dizajn.biz\/rodenizacitanje2\/kolacici\/"]}]},{"@type":"BreadcrumbList","@id":"https:\/\/web-dizajn.biz\/rodenizacitanje2\/kolacici\/#breadcrumb","itemListElement":[{"@type":"ListItem","position":1,"name":"Po\u010detna stranica","item":"https:\/\/web-dizajn.biz\/rodenizacitanje2\/"},{"@type":"ListItem","position":2,"name":"Kola\u010di\u0107i"}]},{"@type":"WebSite","@id":"https:\/\/web-dizajn.biz\/rodenizacitanje2\/#website","url":"https:\/\/web-dizajn.biz\/rodenizacitanje2\/","name":"Ro\u0111eni za \u010ditanje","description":"Svako dijete zaslu\u017euje svoju pri\u010du.","publisher":{"@id":"https:\/\/web-dizajn.biz\/rodenizacitanje2\/#organization"},"potentialAction":[{"@type":"SearchAction","target":{"@type":"EntryPoint","urlTemplate":"https:\/\/web-dizajn.biz\/rodenizacitanje2\/?s={search_term_string}"},"query-input":{"@type":"PropertyValueSpecification","valueRequired":true,"valueName":"search_term_string"}}],"inLanguage":"hr"},{"@type":"Organization","@id":"https:\/\/web-dizajn.biz\/rodenizacitanje2\/#organization","name":"Ro\u0111eni za \u010ditanje","url":"https:\/\/web-dizajn.biz\/rodenizacitanje2\/","logo":{"@type":"ImageObject","inLanguage":"hr","@id":"https:\/\/web-dizajn.biz\/rodenizacitanje2\/#\/schema\/logo\/image\/","url":"https:\/\/web-dizajn.biz\/rodenizacitanje2\/wp-content\/uploads\/2025\/04\/asset-logo-glavni.svg","contentUrl":"https:\/\/web-dizajn.biz\/rodenizacitanje2\/wp-content\/uploads\/2025\/04\/asset-logo-glavni.svg","width":282,"height":94,"caption":"Ro\u0111eni za \u010ditanje"},"image":{"@id":"https:\/\/web-dizajn.biz\/rodenizacitanje2\/#\/schema\/logo\/image\/"},"sameAs":["https:\/\/www.facebook.com\/rodenizacitanje\/","https:\/\/www.instagram.com\/rodjeni.za.citanje\/","https:\/\/www.youtube.com\/channel\/UCoK31WeJYefUvPkSVF4RBAw"]}]}},"_links":{"self":[{"href":"https:\/\/web-dizajn.biz\/rodenizacitanje2\/wp-json\/wp\/v2\/pages\/2340","targetHints":{"allow":["GET"]}}],"collection":[{"href":"https:\/\/web-dizajn.biz\/rodenizacitanje2\/wp-json\/wp\/v2\/pages"}],"about":[{"href":"https:\/\/web-dizajn.biz\/rodenizacitanje2\/wp-json\/wp\/v2\/types\/page"}],"author":[{"embeddable":true,"href":"https:\/\/web-dizajn.biz\/rodenizacitanje2\/wp-json\/wp\/v2\/users\/1"}],"replies":[{"embeddable":true,"href":"https:\/\/web-dizajn.biz\/rodenizacitanje2\/wp-json\/wp\/v2\/comments?post=2340"}],"version-history":[{"count":0,"href":"https:\/\/web-dizajn.biz\/rodenizacitanje2\/wp-json\/wp\/v2\/pages\/2340\/revisions"}],"wp:attachment":[{"href":"https:\/\/web-dizajn.biz\/rodenizacitanje2\/wp-json\/wp\/v2\/media?parent=2340"}],"curies":[{"name":"wp","href":"https:\/\/api.w.org\/{rel}","templated":true}]}}