{"id":2356,"date":"2025-04-14T06:25:31","date_gmt":"2025-04-14T06:25:31","guid":{"rendered":"https:\/\/web-dizajn.biz\/rodenizacitanje2\/?page_id=2356"},"modified":"2025-07-07T12:50:37","modified_gmt":"2025-07-07T10:50:37","slug":"izjava-o-pristupacnosti","status":"publish","type":"page","link":"https:\/\/web-dizajn.biz\/rodenizacitanje2\/izjava-o-pristupacnosti\/","title":{"rendered":"Izjava o pristupa\u010dnosti"},"content":{"rendered":"\t\t<div data-elementor-type=\"wp-page\" data-elementor-id=\"2356\" class=\"elementor elementor-2356\" data-elementor-post-type=\"page\">\n\t\t\t\t<div class=\"elementor-element elementor-element-08a8d02 e-flex e-con-boxed e-con e-parent\" data-id=\"08a8d02\" data-element_type=\"container\">\n\t\t\t\t\t<div class=\"e-con-inner\">\n\t\t\t\t<div class=\"elementor-element elementor-element-03bae1f elementor-widget elementor-widget-text-editor\" data-id=\"03bae1f\" data-element_type=\"widget\" data-widget_type=\"text-editor.default\">\n\t\t\t\t<div class=\"elementor-widget-container\">\n\t\t\t\t\t\t\t\t\t<p>Ministarstvo kulture i medija nastoji svoje mre\u017ene stranice u\u010diniti pristupa\u010dnima u skladu sa\u00a0<a class=\"outlink\" href=\"http:\/\/sredisnjikatalogrh.gov.hr\/cadial\/searchdoc.php?action=search&amp;lang=hr&amp;query=pristupa%C4%8Dnost&amp;searchText=on&amp;searchTitle=on&amp;resultdetails=basic&amp;bid=%2bELrvTWXEzq35H83vcz6kg%3d%3d&amp;annotate=on\">Zakonom o pristupa\u010dnosti mre\u017enih stranica i programskih rje\u0161enja za pokretne ure\u0111aje tijela javnog sektora Republike Hrvatske<\/a>\u00a0(\u201eNarodne novine\u201c, broj 17\/19; dalje u tekstu: Zakon) kojim se prenosi\u00a0<a class=\"outlink\" href=\"https:\/\/eur-lex.europa.eu\/legal-content\/HR\/AUTO\/?uri=OJ:L:2016:327:TOC\">Direktiva (EU)\u00a02016\/2102 Europskog parlamenta i Vije\u0107a od 26.\u00a0listopada 2016. o pristupa\u010dnosti internetskih stranica i mobilnih aplikacija tijela javnog sektora<\/a>\u00a0(SL\u00a0L\u00a0327, 2.12.2016.).<br \/><br \/>Ova Izjava o pristupa\u010dnosti primjenjuje se na mre\u017eno sjedi\u0161te Ministarstva kulture koje se nalazi na adresi\u00a0\u00a0<a href=\"https:\/\/min-kulture.gov.hr\/\">https:\/\/min-kulture.gov.hr\/<\/a>.<br \/><br \/><strong>Stupanj uskla\u0111enosti\u00a0<\/strong><br \/>Mre\u017eno sjedi\u0161te\u00a0<a href=\"https:\/\/min-kulture.gov.hr\/\">https:\/\/min-kulture.gov.hr\/<\/a>\u00a0djelomi\u010dno je uskla\u0111eno sa Zakonom zbog neuskla\u0111enosti koje su navedene u nastavku.<br \/><br \/><strong>Nepristupa\u010dan sadr\u017eaj<\/strong><br \/>Sadr\u017eaj naveden u nastavku je nepristupa\u010dan iz razloga:<\/p><ul><li>Slike nemaju pridru\u017een prikladni opis jer trenutna funkcionalnost sustava za objavu stranica unutar navedenog mre\u017enog sjedi\u0161ta to ne podr\u017eava<\/li><li>Postoji dio slika koje imaju tekstualni sadr\u017eaj, a nisu logotip.<\/li><\/ul><p>Ministarstvo kulture i medija radi na uklanjanju uo\u010denih neuskla\u0111enosti. \u00a0<br \/><br \/><strong>Priprema ove izjave o pristupa\u010dnosti<\/strong><br \/>Ova je izjava sastavljena 8. rujna 2020. godine, prema Predlo\u0161ku izjave o pristupa\u010dnosti koji je u skladu s Direktivom (EU) 2016\/2102 Europskog parlamenta i Vije\u0107a o pristupa\u010dnosti internetskih stranica i mobilnih aplikacija tijela javnog sektora, a utvr\u0111en je\u00a0<a class=\"outlink\" href=\"https:\/\/eur-lex.europa.eu\/legal-content\/HR\/TXT\/HTML\/?uri=CELEX:32018D1523&amp;qid=1590482508144&amp;from=HR\">Provedbenom odlukom Komisije (EU) 2018\/1523<\/a>.<br \/>Procjena uskla\u0111enosti sa zahtjevima pristupa\u010dnosti rezultat je samoprocjene Ministarstvo kulture i medija.<br \/><br \/><strong>Povratne informacije i podaci za kontakt<\/strong><br \/>Molimo korisnike ovih mre\u017enih stranica ako primijete neuskla\u0111en sadr\u017eaj, koji nije obuhva\u0107en ovom izjavom,\u00a0da o tome obavijeste Ministarstvo kulture i medija.<br \/>Sve upite vezane uz pristupa\u010dnost mre\u017enog sjedi\u0161ta Ministarstva kulture i medija korisnici mogu uputiti putem elektroni\u010dke po\u0161te:\u00a0\u00a0<a href=\"mailto:informiranje@min-kulture.hr\">informiranje@min-kulture.hr<\/a>.<br \/><br \/><strong>Postupak pra\u0107enja provedbe propisa<\/strong><br \/>Povjerenik za informiranje Republike Hrvatske je tijelo nadle\u017eno za pra\u0107enje uskla\u0111enosti mre\u017enih stranica i programskih rje\u0161enja za pokretne ure\u0111aje tijela javnog sektora sa zahtjevima pristupa\u010dnosti kao i za nadzor nad provedbom Zakona.<br \/>U slu\u010daju nezadovoljavaju\u0107ih odgovora na obavijest ili zahtjev za povratne informacije o pristupa\u010dnosti ovih mre\u017enih stranica, korisnici se mogu obratiti Povjereniku za informiranje putem elektroni\u010dke po\u0161te:\u00a0<a href=\"mailto:pristupacnost@pristupinfo.hr\">pristupacnost@pristupinfo.hr<\/a>.<br \/>\u00a0<\/p>\t\t\t\t\t\t\t\t<\/div>\n\t\t\t\t<\/div>\n\t\t\t\t\t<\/div>\n\t\t\t\t<\/div>\n\t\t\t\t<\/div>\n\t\t","protected":false},"excerpt":{"rendered":"<p>Ministarstvo kulture i medija nastoji svoje mre\u017ene stranice u\u010diniti pristupa\u010dnima u skladu sa\u00a0Zakonom o pristupa\u010dnosti mre\u017enih stranica i programskih rje\u0161enja za pokretne ure\u0111aje tijela javnog sektora Republike Hrvatske\u00a0(\u201eNarodne novine\u201c, broj 17\/19; dalje u tekstu: Zakon) kojim se prenosi\u00a0Direktiva (EU)\u00a02016\/2102 Europskog parlamenta i Vije\u0107a od 26.\u00a0listopada 2016. o pristupa\u010dnosti internetskih stranica i mobilnih aplikacija tijela javnog [&hellip;]<\/p>\n","protected":false},"author":1,"featured_media":0,"parent":0,"menu_order":0,"comment_status":"closed","ping_status":"closed","template":"","meta":{"_acf_changed":false,"_eb_attr":"","footnotes":""},"class_list":["post-2356","page","type-page","status-publish","hentry"],"acf":[],"yoast_head":"<!-- This site is optimized with the Yoast SEO plugin v26.1.1 - https:\/\/yoast.com\/wordpress\/plugins\/seo\/ -->\n<title>Izjava o pristupa\u010dnosti - Ro\u0111eni za \u010ditanje<\/title>\n<meta name=\"robots\" content=\"index, follow, max-snippet:-1, max-image-preview:large, max-video-preview:-1\" \/>\n<link rel=\"canonical\" href=\"https:\/\/web-dizajn.biz\/rodenizacitanje2\/izjava-o-pristupacnosti\/\" \/>\n<meta property=\"og:locale\" content=\"hr_HR\" \/>\n<meta property=\"og:type\" content=\"article\" \/>\n<meta property=\"og:title\" content=\"Izjava o pristupa\u010dnosti - Ro\u0111eni za \u010ditanje\" \/>\n<meta property=\"og:description\" content=\"Ministarstvo kulture i medija nastoji svoje mre\u017ene stranice u\u010diniti pristupa\u010dnima u skladu sa\u00a0Zakonom o pristupa\u010dnosti mre\u017enih stranica i programskih rje\u0161enja za pokretne ure\u0111aje tijela javnog sektora Republike Hrvatske\u00a0(\u201eNarodne novine\u201c, broj 17\/19; dalje u tekstu: Zakon) kojim se prenosi\u00a0Direktiva (EU)\u00a02016\/2102 Europskog parlamenta i Vije\u0107a od 26.\u00a0listopada 2016. o pristupa\u010dnosti internetskih stranica i mobilnih aplikacija tijela javnog [&hellip;]\" \/>\n<meta property=\"og:url\" content=\"https:\/\/web-dizajn.biz\/rodenizacitanje2\/izjava-o-pristupacnosti\/\" \/>\n<meta property=\"og:site_name\" content=\"Ro\u0111eni za \u010ditanje\" \/>\n<meta property=\"article:publisher\" content=\"https:\/\/www.facebook.com\/rodenizacitanje\/\" \/>\n<meta property=\"article:modified_time\" content=\"2025-07-07T10:50:37+00:00\" \/>\n<meta name=\"twitter:card\" content=\"summary_large_image\" \/>\n<meta name=\"twitter:label1\" content=\"Procijenjeno vrijeme \u010ditanja\" \/>\n\t<meta name=\"twitter:data1\" content=\"2 minute\" \/>\n<script type=\"application\/ld+json\" class=\"yoast-schema-graph\">{\"@context\":\"https:\/\/schema.org\",\"@graph\":[{\"@type\":\"WebPage\",\"@id\":\"https:\/\/web-dizajn.biz\/rodenizacitanje2\/izjava-o-pristupacnosti\/\",\"url\":\"https:\/\/web-dizajn.biz\/rodenizacitanje2\/izjava-o-pristupacnosti\/\",\"name\":\"Izjava o pristupa\u010dnosti - Ro\u0111eni za \u010ditanje\",\"isPartOf\":{\"@id\":\"https:\/\/web-dizajn.biz\/rodenizacitanje2\/#website\"},\"datePublished\":\"2025-04-14T06:25:31+00:00\",\"dateModified\":\"2025-07-07T10:50:37+00:00\",\"breadcrumb\":{\"@id\":\"https:\/\/web-dizajn.biz\/rodenizacitanje2\/izjava-o-pristupacnosti\/#breadcrumb\"},\"inLanguage\":\"hr\",\"potentialAction\":[{\"@type\":\"ReadAction\",\"target\":[\"https:\/\/web-dizajn.biz\/rodenizacitanje2\/izjava-o-pristupacnosti\/\"]}]},{\"@type\":\"BreadcrumbList\",\"@id\":\"https:\/\/web-dizajn.biz\/rodenizacitanje2\/izjava-o-pristupacnosti\/#breadcrumb\",\"itemListElement\":[{\"@type\":\"ListItem\",\"position\":1,\"name\":\"Po\u010detna stranica\",\"item\":\"https:\/\/web-dizajn.biz\/rodenizacitanje2\/\"},{\"@type\":\"ListItem\",\"position\":2,\"name\":\"Izjava o pristupa\u010dnosti\"}]},{\"@type\":\"WebSite\",\"@id\":\"https:\/\/web-dizajn.biz\/rodenizacitanje2\/#website\",\"url\":\"https:\/\/web-dizajn.biz\/rodenizacitanje2\/\",\"name\":\"Ro\u0111eni za \u010ditanje\",\"description\":\"Svako dijete zaslu\u017euje svoju pri\u010du.\",\"publisher\":{\"@id\":\"https:\/\/web-dizajn.biz\/rodenizacitanje2\/#organization\"},\"potentialAction\":[{\"@type\":\"SearchAction\",\"target\":{\"@type\":\"EntryPoint\",\"urlTemplate\":\"https:\/\/web-dizajn.biz\/rodenizacitanje2\/?s={search_term_string}\"},\"query-input\":{\"@type\":\"PropertyValueSpecification\",\"valueRequired\":true,\"valueName\":\"search_term_string\"}}],\"inLanguage\":\"hr\"},{\"@type\":\"Organization\",\"@id\":\"https:\/\/web-dizajn.biz\/rodenizacitanje2\/#organization\",\"name\":\"Ro\u0111eni za \u010ditanje\",\"url\":\"https:\/\/web-dizajn.biz\/rodenizacitanje2\/\",\"logo\":{\"@type\":\"ImageObject\",\"inLanguage\":\"hr\",\"@id\":\"https:\/\/web-dizajn.biz\/rodenizacitanje2\/#\/schema\/logo\/image\/\",\"url\":\"https:\/\/web-dizajn.biz\/rodenizacitanje2\/wp-content\/uploads\/2025\/04\/asset-logo-glavni.svg\",\"contentUrl\":\"https:\/\/web-dizajn.biz\/rodenizacitanje2\/wp-content\/uploads\/2025\/04\/asset-logo-glavni.svg\",\"width\":282,\"height\":94,\"caption\":\"Ro\u0111eni za \u010ditanje\"},\"image\":{\"@id\":\"https:\/\/web-dizajn.biz\/rodenizacitanje2\/#\/schema\/logo\/image\/\"},\"sameAs\":[\"https:\/\/www.facebook.com\/rodenizacitanje\/\",\"https:\/\/www.instagram.com\/rodjeni.za.citanje\/\",\"https:\/\/www.youtube.com\/channel\/UCoK31WeJYefUvPkSVF4RBAw\"]}]}<\/script>\n<!-- \/ Yoast SEO plugin. -->","yoast_head_json":{"title":"Izjava o pristupa\u010dnosti - Ro\u0111eni za \u010ditanje","robots":{"index":"index","follow":"follow","max-snippet":"max-snippet:-1","max-image-preview":"max-image-preview:large","max-video-preview":"max-video-preview:-1"},"canonical":"https:\/\/web-dizajn.biz\/rodenizacitanje2\/izjava-o-pristupacnosti\/","og_locale":"hr_HR","og_type":"article","og_title":"Izjava o pristupa\u010dnosti - Ro\u0111eni za \u010ditanje","og_description":"Ministarstvo kulture i medija nastoji svoje mre\u017ene stranice u\u010diniti pristupa\u010dnima u skladu sa\u00a0Zakonom o pristupa\u010dnosti mre\u017enih stranica i programskih rje\u0161enja za pokretne ure\u0111aje tijela javnog sektora Republike Hrvatske\u00a0(\u201eNarodne novine\u201c, broj 17\/19; dalje u tekstu: Zakon) kojim se prenosi\u00a0Direktiva (EU)\u00a02016\/2102 Europskog parlamenta i Vije\u0107a od 26.\u00a0listopada 2016. o pristupa\u010dnosti internetskih stranica i mobilnih aplikacija tijela javnog [&hellip;]","og_url":"https:\/\/web-dizajn.biz\/rodenizacitanje2\/izjava-o-pristupacnosti\/","og_site_name":"Ro\u0111eni za \u010ditanje","article_publisher":"https:\/\/www.facebook.com\/rodenizacitanje\/","article_modified_time":"2025-07-07T10:50:37+00:00","twitter_card":"summary_large_image","twitter_misc":{"Procijenjeno vrijeme \u010ditanja":"2 minute"},"schema":{"@context":"https:\/\/schema.org","@graph":[{"@type":"WebPage","@id":"https:\/\/web-dizajn.biz\/rodenizacitanje2\/izjava-o-pristupacnosti\/","url":"https:\/\/web-dizajn.biz\/rodenizacitanje2\/izjava-o-pristupacnosti\/","name":"Izjava o pristupa\u010dnosti - Ro\u0111eni za \u010ditanje","isPartOf":{"@id":"https:\/\/web-dizajn.biz\/rodenizacitanje2\/#website"},"datePublished":"2025-04-14T06:25:31+00:00","dateModified":"2025-07-07T10:50:37+00:00","breadcrumb":{"@id":"https:\/\/web-dizajn.biz\/rodenizacitanje2\/izjava-o-pristupacnosti\/#breadcrumb"},"inLanguage":"hr","potentialAction":[{"@type":"ReadAction","target":["https:\/\/web-dizajn.biz\/rodenizacitanje2\/izjava-o-pristupacnosti\/"]}]},{"@type":"BreadcrumbList","@id":"https:\/\/web-dizajn.biz\/rodenizacitanje2\/izjava-o-pristupacnosti\/#breadcrumb","itemListElement":[{"@type":"ListItem","position":1,"name":"Po\u010detna stranica","item":"https:\/\/web-dizajn.biz\/rodenizacitanje2\/"},{"@type":"ListItem","position":2,"name":"Izjava o pristupa\u010dnosti"}]},{"@type":"WebSite","@id":"https:\/\/web-dizajn.biz\/rodenizacitanje2\/#website","url":"https:\/\/web-dizajn.biz\/rodenizacitanje2\/","name":"Ro\u0111eni za \u010ditanje","description":"Svako dijete zaslu\u017euje svoju pri\u010du.","publisher":{"@id":"https:\/\/web-dizajn.biz\/rodenizacitanje2\/#organization"},"potentialAction":[{"@type":"SearchAction","target":{"@type":"EntryPoint","urlTemplate":"https:\/\/web-dizajn.biz\/rodenizacitanje2\/?s={search_term_string}"},"query-input":{"@type":"PropertyValueSpecification","valueRequired":true,"valueName":"search_term_string"}}],"inLanguage":"hr"},{"@type":"Organization","@id":"https:\/\/web-dizajn.biz\/rodenizacitanje2\/#organization","name":"Ro\u0111eni za \u010ditanje","url":"https:\/\/web-dizajn.biz\/rodenizacitanje2\/","logo":{"@type":"ImageObject","inLanguage":"hr","@id":"https:\/\/web-dizajn.biz\/rodenizacitanje2\/#\/schema\/logo\/image\/","url":"https:\/\/web-dizajn.biz\/rodenizacitanje2\/wp-content\/uploads\/2025\/04\/asset-logo-glavni.svg","contentUrl":"https:\/\/web-dizajn.biz\/rodenizacitanje2\/wp-content\/uploads\/2025\/04\/asset-logo-glavni.svg","width":282,"height":94,"caption":"Ro\u0111eni za \u010ditanje"},"image":{"@id":"https:\/\/web-dizajn.biz\/rodenizacitanje2\/#\/schema\/logo\/image\/"},"sameAs":["https:\/\/www.facebook.com\/rodenizacitanje\/","https:\/\/www.instagram.com\/rodjeni.za.citanje\/","https:\/\/www.youtube.com\/channel\/UCoK31WeJYefUvPkSVF4RBAw"]}]}},"_links":{"self":[{"href":"https:\/\/web-dizajn.biz\/rodenizacitanje2\/wp-json\/wp\/v2\/pages\/2356","targetHints":{"allow":["GET"]}}],"collection":[{"href":"https:\/\/web-dizajn.biz\/rodenizacitanje2\/wp-json\/wp\/v2\/pages"}],"about":[{"href":"https:\/\/web-dizajn.biz\/rodenizacitanje2\/wp-json\/wp\/v2\/types\/page"}],"author":[{"embeddable":true,"href":"https:\/\/web-dizajn.biz\/rodenizacitanje2\/wp-json\/wp\/v2\/users\/1"}],"replies":[{"embeddable":true,"href":"https:\/\/web-dizajn.biz\/rodenizacitanje2\/wp-json\/wp\/v2\/comments?post=2356"}],"version-history":[{"count":0,"href":"https:\/\/web-dizajn.biz\/rodenizacitanje2\/wp-json\/wp\/v2\/pages\/2356\/revisions"}],"wp:attachment":[{"href":"https:\/\/web-dizajn.biz\/rodenizacitanje2\/wp-json\/wp\/v2\/media?parent=2356"}],"curies":[{"name":"wp","href":"https:\/\/api.w.org\/{rel}","templated":true}]}}