{"id":504,"date":"2025-04-04T08:22:57","date_gmt":"2025-04-04T08:22:57","guid":{"rendered":"https:\/\/web-dizajn.biz\/rodenizacitanje2\/?page_id=504"},"modified":"2025-09-09T15:03:32","modified_gmt":"2025-09-09T13:03:32","slug":"kontakt","status":"publish","type":"page","link":"https:\/\/web-dizajn.biz\/rodenizacitanje2\/kontakt\/","title":{"rendered":"Kontakt"},"content":{"rendered":"\t\t<div data-elementor-type=\"wp-page\" data-elementor-id=\"504\" class=\"elementor elementor-504\" data-elementor-post-type=\"page\">\n\t\t\t\t<div class=\"elementor-element elementor-element-6af730c e-flex e-con-boxed e-con e-parent\" data-id=\"6af730c\" data-element_type=\"container\">\n\t\t\t\t\t<div class=\"e-con-inner\">\n\t\t<div class=\"elementor-element elementor-element-86a80a2 e-con-full e-flex e-con e-child\" data-id=\"86a80a2\" data-element_type=\"container\">\n\t\t\t\t<div class=\"elementor-element elementor-element-688892f elementor-widget__width-initial elementor-widget elementor-widget-heading\" data-id=\"688892f\" data-element_type=\"widget\" data-widget_type=\"heading.default\">\n\t\t\t\t<div class=\"elementor-widget-container\">\n\t\t\t\t\t<h2 class=\"elementor-heading-title elementor-size-default\">KONTAKT<\/h2>\t\t\t\t<\/div>\n\t\t\t\t<\/div>\n\t\t\t\t<\/div>\n\t\t<div class=\"elementor-element elementor-element-66a5fed e-con-full e-flex e-con e-child\" data-id=\"66a5fed\" data-element_type=\"container\">\n\t\t\t\t<div class=\"elementor-element elementor-element-851bbcd elementor-widget elementor-widget-heading\" data-id=\"851bbcd\" data-element_type=\"widget\" data-widget_type=\"heading.default\">\n\t\t\t\t<div class=\"elementor-widget-container\">\n\t\t\t\t\t<p class=\"elementor-heading-title elementor-size-default\"><a href=\"https:\/\/web-dizajn.biz\/rodenizacitanje2\/aktualno\/\">informacije<\/a><\/p>\t\t\t\t<\/div>\n\t\t\t\t<\/div>\n\t\t\t\t<\/div>\n\t\t\t\t\t<\/div>\n\t\t\t\t<\/div>\n\t\t<div class=\"elementor-element elementor-element-bf13a08 e-flex e-con-boxed e-con e-parent\" data-id=\"bf13a08\" data-element_type=\"container\">\n\t\t\t\t\t<div class=\"e-con-inner\">\n\t\t<div class=\"elementor-element elementor-element-8afda2b e-con-full e-flex e-con e-child\" data-id=\"8afda2b\" data-element_type=\"container\">\n\t\t\t\t<div class=\"elementor-element elementor-element-01545b4 elementor-widget elementor-widget-text-editor\" data-id=\"01545b4\" data-element_type=\"widget\" data-widget_type=\"text-editor.default\">\n\t\t\t\t<div class=\"elementor-widget-container\">\n\t\t\t\t\t\t\t\t\t<p>nositelj<\/p>\t\t\t\t\t\t\t\t<\/div>\n\t\t\t\t<\/div>\n\t\t\t\t<\/div>\n\t\t<div class=\"elementor-element elementor-element-7cf950c e-con-full e-flex e-con e-child\" data-id=\"7cf950c\" data-element_type=\"container\">\n\t\t\t\t<div class=\"elementor-element elementor-element-9de3fae elementor-widget elementor-widget-text-editor\" data-id=\"9de3fae\" data-element_type=\"widget\" data-widget_type=\"text-editor.default\">\n\t\t\t\t<div class=\"elementor-widget-container\">\n\t\t\t\t\t\t\t\t\t<p>Ministarstvo kulture i medija Republike Hrvatske<\/p>\t\t\t\t\t\t\t\t<\/div>\n\t\t\t\t<\/div>\n\t\t\t\t<\/div>\n\t\t\t\t\t<\/div>\n\t\t\t\t<\/div>\n\t\t<div class=\"elementor-element elementor-element-eb90014 e-flex e-con-boxed e-con e-parent\" data-id=\"eb90014\" data-element_type=\"container\">\n\t\t\t\t\t<div class=\"e-con-inner\">\n\t\t<div class=\"elementor-element elementor-element-4158aed e-con-full e-flex e-con e-child\" data-id=\"4158aed\" data-element_type=\"container\">\n\t\t\t\t<div class=\"elementor-element elementor-element-26721d1 elementor-widget elementor-widget-text-editor\" data-id=\"26721d1\" data-element_type=\"widget\" data-widget_type=\"text-editor.default\">\n\t\t\t\t<div class=\"elementor-widget-container\">\n\t\t\t\t\t\t\t\t\t<p>adresa<\/p>\t\t\t\t\t\t\t\t<\/div>\n\t\t\t\t<\/div>\n\t\t\t\t<\/div>\n\t\t<div class=\"elementor-element elementor-element-409ca64 e-con-full e-flex e-con e-child\" data-id=\"409ca64\" data-element_type=\"container\">\n\t\t\t\t<div class=\"elementor-element elementor-element-c51f514 elementor-widget elementor-widget-text-editor\" data-id=\"c51f514\" data-element_type=\"widget\" data-widget_type=\"text-editor.default\">\n\t\t\t\t<div class=\"elementor-widget-container\">\n\t\t\t\t\t\t\t\t\t<p>Runjaninova 2, 10 000 Zagreb<\/p>\t\t\t\t\t\t\t\t<\/div>\n\t\t\t\t<\/div>\n\t\t\t\t<\/div>\n\t\t\t\t\t<\/div>\n\t\t\t\t<\/div>\n\t\t<div class=\"elementor-element elementor-element-17e4831 e-flex e-con-boxed e-con e-parent\" data-id=\"17e4831\" data-element_type=\"container\">\n\t\t\t\t\t<div class=\"e-con-inner\">\n\t\t<div class=\"elementor-element elementor-element-1e1f0d4 e-con-full e-flex e-con e-child\" data-id=\"1e1f0d4\" data-element_type=\"container\">\n\t\t\t\t<div class=\"elementor-element elementor-element-9513ff3 elementor-widget elementor-widget-text-editor\" data-id=\"9513ff3\" data-element_type=\"widget\" data-widget_type=\"text-editor.default\">\n\t\t\t\t<div class=\"elementor-widget-container\">\n\t\t\t\t\t\t\t\t\t<p>telefon<\/p>\t\t\t\t\t\t\t\t<\/div>\n\t\t\t\t<\/div>\n\t\t\t\t<\/div>\n\t\t<div class=\"elementor-element elementor-element-90db463 e-con-full e-flex e-con e-child\" data-id=\"90db463\" data-element_type=\"container\">\n\t\t\t\t<div class=\"elementor-element elementor-element-7af0a4f elementor-widget elementor-widget-text-editor\" data-id=\"7af0a4f\" data-element_type=\"widget\" data-widget_type=\"text-editor.default\">\n\t\t\t\t<div class=\"elementor-widget-container\">\n\t\t\t\t\t\t\t\t\t<p><a href=\"tel:+38514866 200\">01\/4866 -200<\/a> (centrala)<\/p>\t\t\t\t\t\t\t\t<\/div>\n\t\t\t\t<\/div>\n\t\t\t\t<\/div>\n\t\t\t\t\t<\/div>\n\t\t\t\t<\/div>\n\t\t<div class=\"elementor-element elementor-element-67838a8 e-flex e-con-boxed e-con e-parent\" data-id=\"67838a8\" data-element_type=\"container\">\n\t\t\t\t\t<div class=\"e-con-inner\">\n\t\t<div class=\"elementor-element elementor-element-ddf60cd e-con-full e-flex e-con e-child\" data-id=\"ddf60cd\" data-element_type=\"container\">\n\t\t\t\t<div class=\"elementor-element elementor-element-ed3701f elementor-widget elementor-widget-text-editor\" data-id=\"ed3701f\" data-element_type=\"widget\" data-widget_type=\"text-editor.default\">\n\t\t\t\t<div class=\"elementor-widget-container\">\n\t\t\t\t\t\t\t\t\t<p>mail<\/p>\t\t\t\t\t\t\t\t<\/div>\n\t\t\t\t<\/div>\n\t\t\t\t<\/div>\n\t\t<div class=\"elementor-element elementor-element-748a950 e-con-full e-flex e-con e-child\" data-id=\"748a950\" data-element_type=\"container\">\n\t\t\t\t<div class=\"elementor-element elementor-element-87f9e0f elementor-widget elementor-widget-text-editor\" data-id=\"87f9e0f\" data-element_type=\"widget\" data-widget_type=\"text-editor.default\">\n\t\t\t\t<div class=\"elementor-widget-container\">\n\t\t\t\t\t\t\t\t\t<p>info@web-dizajn.biz (op\u0107enite informacije o Programu)<\/p>\t\t\t\t\t\t\t\t<\/div>\n\t\t\t\t<\/div>\n\t\t\t\t<\/div>\n\t\t\t\t\t<\/div>\n\t\t\t\t<\/div>\n\t\t<div class=\"elementor-element elementor-element-a9d503d e-flex e-con-boxed e-con e-parent\" data-id=\"a9d503d\" data-element_type=\"container\">\n\t\t\t\t\t<div class=\"e-con-inner\">\n\t\t<div class=\"elementor-element elementor-element-8812357 e-con-full e-flex e-con e-child\" data-id=\"8812357\" data-element_type=\"container\">\n\t\t\t\t<div class=\"elementor-element elementor-element-0659925 elementor-widget elementor-widget-text-editor\" data-id=\"0659925\" data-element_type=\"widget\" data-widget_type=\"text-editor.default\">\n\t\t\t\t<div class=\"elementor-widget-container\">\n\t\t\t\t\t\t\t\t\t<p>mail<\/p>\t\t\t\t\t\t\t\t<\/div>\n\t\t\t\t<\/div>\n\t\t\t\t<\/div>\n\t\t<div class=\"elementor-element elementor-element-253736b e-con-full e-flex e-con e-child\" data-id=\"253736b\" data-element_type=\"container\">\n\t\t\t\t<div class=\"elementor-element elementor-element-f5dceb5 elementor-widget elementor-widget-text-editor\" data-id=\"f5dceb5\" data-element_type=\"widget\" data-widget_type=\"text-editor.default\">\n\t\t\t\t<div class=\"elementor-widget-container\">\n\t\t\t\t\t\t\t\t\t<p>web@web-dizajn.biz (kontakti vezani uz mre\u017ene stranice Programa)<\/p>\t\t\t\t\t\t\t\t<\/div>\n\t\t\t\t<\/div>\n\t\t\t\t<\/div>\n\t\t\t\t\t<\/div>\n\t\t\t\t<\/div>\n\t\t\t\t<\/div>\n\t\t","protected":false},"excerpt":{"rendered":"<p>KONTAKT informacije nositelj Ministarstvo kulture i medija Republike Hrvatske adresa Runjaninova 2, 10 000 Zagreb telefon 01\/4866 -200 (centrala) mail info@web-dizajn.biz (op\u0107enite informacije o Programu) mail web@web-dizajn.biz (kontakti vezani uz mre\u017ene stranice Programa)<\/p>\n","protected":false},"author":1,"featured_media":0,"parent":0,"menu_order":0,"comment_status":"closed","ping_status":"closed","template":"","meta":{"_acf_changed":false,"_eb_attr":"","footnotes":""},"class_list":["post-504","page","type-page","status-publish","hentry"],"acf":[],"yoast_head":"<!-- This site is optimized with the Yoast SEO plugin v26.1.1 - https:\/\/yoast.com\/wordpress\/plugins\/seo\/ -->\n<title>Kontakt - Ro\u0111eni za \u010ditanje<\/title>\n<meta name=\"robots\" content=\"index, follow, max-snippet:-1, max-image-preview:large, max-video-preview:-1\" \/>\n<link rel=\"canonical\" href=\"https:\/\/web-dizajn.biz\/rodenizacitanje2\/kontakt\/\" \/>\n<meta property=\"og:locale\" content=\"hr_HR\" \/>\n<meta property=\"og:type\" content=\"article\" \/>\n<meta property=\"og:title\" content=\"Kontakt - Ro\u0111eni za \u010ditanje\" \/>\n<meta property=\"og:description\" content=\"KONTAKT informacije nositelj Ministarstvo kulture i medija Republike Hrvatske adresa Runjaninova 2, 10 000 Zagreb telefon 01\/4866 -200 (centrala) mail info@web-dizajn.biz (op\u0107enite informacije o Programu) mail web@web-dizajn.biz (kontakti vezani uz mre\u017ene stranice Programa)\" \/>\n<meta property=\"og:url\" content=\"https:\/\/web-dizajn.biz\/rodenizacitanje2\/kontakt\/\" \/>\n<meta property=\"og:site_name\" content=\"Ro\u0111eni za \u010ditanje\" \/>\n<meta property=\"article:publisher\" content=\"https:\/\/www.facebook.com\/rodenizacitanje\/\" \/>\n<meta property=\"article:modified_time\" content=\"2025-09-09T13:03:32+00:00\" \/>\n<meta name=\"twitter:card\" content=\"summary_large_image\" \/>\n<script type=\"application\/ld+json\" class=\"yoast-schema-graph\">{\"@context\":\"https:\/\/schema.org\",\"@graph\":[{\"@type\":\"WebPage\",\"@id\":\"https:\/\/web-dizajn.biz\/rodenizacitanje2\/kontakt\/\",\"url\":\"https:\/\/web-dizajn.biz\/rodenizacitanje2\/kontakt\/\",\"name\":\"Kontakt - Ro\u0111eni za \u010ditanje\",\"isPartOf\":{\"@id\":\"https:\/\/web-dizajn.biz\/rodenizacitanje2\/#website\"},\"datePublished\":\"2025-04-04T08:22:57+00:00\",\"dateModified\":\"2025-09-09T13:03:32+00:00\",\"breadcrumb\":{\"@id\":\"https:\/\/web-dizajn.biz\/rodenizacitanje2\/kontakt\/#breadcrumb\"},\"inLanguage\":\"hr\",\"potentialAction\":[{\"@type\":\"ReadAction\",\"target\":[\"https:\/\/web-dizajn.biz\/rodenizacitanje2\/kontakt\/\"]}]},{\"@type\":\"BreadcrumbList\",\"@id\":\"https:\/\/web-dizajn.biz\/rodenizacitanje2\/kontakt\/#breadcrumb\",\"itemListElement\":[{\"@type\":\"ListItem\",\"position\":1,\"name\":\"Po\u010detna stranica\",\"item\":\"https:\/\/web-dizajn.biz\/rodenizacitanje2\/\"},{\"@type\":\"ListItem\",\"position\":2,\"name\":\"Kontakt\"}]},{\"@type\":\"WebSite\",\"@id\":\"https:\/\/web-dizajn.biz\/rodenizacitanje2\/#website\",\"url\":\"https:\/\/web-dizajn.biz\/rodenizacitanje2\/\",\"name\":\"Ro\u0111eni za \u010ditanje\",\"description\":\"Svako dijete zaslu\u017euje svoju pri\u010du.\",\"publisher\":{\"@id\":\"https:\/\/web-dizajn.biz\/rodenizacitanje2\/#organization\"},\"potentialAction\":[{\"@type\":\"SearchAction\",\"target\":{\"@type\":\"EntryPoint\",\"urlTemplate\":\"https:\/\/web-dizajn.biz\/rodenizacitanje2\/?s={search_term_string}\"},\"query-input\":{\"@type\":\"PropertyValueSpecification\",\"valueRequired\":true,\"valueName\":\"search_term_string\"}}],\"inLanguage\":\"hr\"},{\"@type\":\"Organization\",\"@id\":\"https:\/\/web-dizajn.biz\/rodenizacitanje2\/#organization\",\"name\":\"Ro\u0111eni za \u010ditanje\",\"url\":\"https:\/\/web-dizajn.biz\/rodenizacitanje2\/\",\"logo\":{\"@type\":\"ImageObject\",\"inLanguage\":\"hr\",\"@id\":\"https:\/\/web-dizajn.biz\/rodenizacitanje2\/#\/schema\/logo\/image\/\",\"url\":\"https:\/\/web-dizajn.biz\/rodenizacitanje2\/wp-content\/uploads\/2025\/04\/asset-logo-glavni.svg\",\"contentUrl\":\"https:\/\/web-dizajn.biz\/rodenizacitanje2\/wp-content\/uploads\/2025\/04\/asset-logo-glavni.svg\",\"width\":282,\"height\":94,\"caption\":\"Ro\u0111eni za \u010ditanje\"},\"image\":{\"@id\":\"https:\/\/web-dizajn.biz\/rodenizacitanje2\/#\/schema\/logo\/image\/\"},\"sameAs\":[\"https:\/\/www.facebook.com\/rodenizacitanje\/\",\"https:\/\/www.instagram.com\/rodjeni.za.citanje\/\",\"https:\/\/www.youtube.com\/channel\/UCoK31WeJYefUvPkSVF4RBAw\"]}]}<\/script>\n<!-- \/ Yoast SEO plugin. -->","yoast_head_json":{"title":"Kontakt - Ro\u0111eni za \u010ditanje","robots":{"index":"index","follow":"follow","max-snippet":"max-snippet:-1","max-image-preview":"max-image-preview:large","max-video-preview":"max-video-preview:-1"},"canonical":"https:\/\/web-dizajn.biz\/rodenizacitanje2\/kontakt\/","og_locale":"hr_HR","og_type":"article","og_title":"Kontakt - Ro\u0111eni za \u010ditanje","og_description":"KONTAKT informacije nositelj Ministarstvo kulture i medija Republike Hrvatske adresa Runjaninova 2, 10 000 Zagreb telefon 01\/4866 -200 (centrala) mail info@web-dizajn.biz (op\u0107enite informacije o Programu) mail web@web-dizajn.biz (kontakti vezani uz mre\u017ene stranice Programa)","og_url":"https:\/\/web-dizajn.biz\/rodenizacitanje2\/kontakt\/","og_site_name":"Ro\u0111eni za \u010ditanje","article_publisher":"https:\/\/www.facebook.com\/rodenizacitanje\/","article_modified_time":"2025-09-09T13:03:32+00:00","twitter_card":"summary_large_image","schema":{"@context":"https:\/\/schema.org","@graph":[{"@type":"WebPage","@id":"https:\/\/web-dizajn.biz\/rodenizacitanje2\/kontakt\/","url":"https:\/\/web-dizajn.biz\/rodenizacitanje2\/kontakt\/","name":"Kontakt - Ro\u0111eni za \u010ditanje","isPartOf":{"@id":"https:\/\/web-dizajn.biz\/rodenizacitanje2\/#website"},"datePublished":"2025-04-04T08:22:57+00:00","dateModified":"2025-09-09T13:03:32+00:00","breadcrumb":{"@id":"https:\/\/web-dizajn.biz\/rodenizacitanje2\/kontakt\/#breadcrumb"},"inLanguage":"hr","potentialAction":[{"@type":"ReadAction","target":["https:\/\/web-dizajn.biz\/rodenizacitanje2\/kontakt\/"]}]},{"@type":"BreadcrumbList","@id":"https:\/\/web-dizajn.biz\/rodenizacitanje2\/kontakt\/#breadcrumb","itemListElement":[{"@type":"ListItem","position":1,"name":"Po\u010detna stranica","item":"https:\/\/web-dizajn.biz\/rodenizacitanje2\/"},{"@type":"ListItem","position":2,"name":"Kontakt"}]},{"@type":"WebSite","@id":"https:\/\/web-dizajn.biz\/rodenizacitanje2\/#website","url":"https:\/\/web-dizajn.biz\/rodenizacitanje2\/","name":"Ro\u0111eni za \u010ditanje","description":"Svako dijete zaslu\u017euje svoju pri\u010du.","publisher":{"@id":"https:\/\/web-dizajn.biz\/rodenizacitanje2\/#organization"},"potentialAction":[{"@type":"SearchAction","target":{"@type":"EntryPoint","urlTemplate":"https:\/\/web-dizajn.biz\/rodenizacitanje2\/?s={search_term_string}"},"query-input":{"@type":"PropertyValueSpecification","valueRequired":true,"valueName":"search_term_string"}}],"inLanguage":"hr"},{"@type":"Organization","@id":"https:\/\/web-dizajn.biz\/rodenizacitanje2\/#organization","name":"Ro\u0111eni za \u010ditanje","url":"https:\/\/web-dizajn.biz\/rodenizacitanje2\/","logo":{"@type":"ImageObject","inLanguage":"hr","@id":"https:\/\/web-dizajn.biz\/rodenizacitanje2\/#\/schema\/logo\/image\/","url":"https:\/\/web-dizajn.biz\/rodenizacitanje2\/wp-content\/uploads\/2025\/04\/asset-logo-glavni.svg","contentUrl":"https:\/\/web-dizajn.biz\/rodenizacitanje2\/wp-content\/uploads\/2025\/04\/asset-logo-glavni.svg","width":282,"height":94,"caption":"Ro\u0111eni za \u010ditanje"},"image":{"@id":"https:\/\/web-dizajn.biz\/rodenizacitanje2\/#\/schema\/logo\/image\/"},"sameAs":["https:\/\/www.facebook.com\/rodenizacitanje\/","https:\/\/www.instagram.com\/rodjeni.za.citanje\/","https:\/\/www.youtube.com\/channel\/UCoK31WeJYefUvPkSVF4RBAw"]}]}},"_links":{"self":[{"href":"https:\/\/web-dizajn.biz\/rodenizacitanje2\/wp-json\/wp\/v2\/pages\/504","targetHints":{"allow":["GET"]}}],"collection":[{"href":"https:\/\/web-dizajn.biz\/rodenizacitanje2\/wp-json\/wp\/v2\/pages"}],"about":[{"href":"https:\/\/web-dizajn.biz\/rodenizacitanje2\/wp-json\/wp\/v2\/types\/page"}],"author":[{"embeddable":true,"href":"https:\/\/web-dizajn.biz\/rodenizacitanje2\/wp-json\/wp\/v2\/users\/1"}],"replies":[{"embeddable":true,"href":"https:\/\/web-dizajn.biz\/rodenizacitanje2\/wp-json\/wp\/v2\/comments?post=504"}],"version-history":[{"count":0,"href":"https:\/\/web-dizajn.biz\/rodenizacitanje2\/wp-json\/wp\/v2\/pages\/504\/revisions"}],"wp:attachment":[{"href":"https:\/\/web-dizajn.biz\/rodenizacitanje2\/wp-json\/wp\/v2\/media?parent=504"}],"curies":[{"name":"wp","href":"https:\/\/api.w.org\/{rel}","templated":true}]}}